{"id":2,"date":"2026-01-08T04:19:09","date_gmt":"2026-01-08T07:19:09","guid":{"rendered":"https:\/\/it.betavagas.com\/?page_id=2"},"modified":"2026-02-05T14:41:21","modified_gmt":"2026-02-05T17:41:21","slug":"qui-sommes-nous","status":"publish","type":"page","link":"https:\/\/fr.betavagas.com\/?page_id=2","title":{"rendered":"Qui sommes-nous ?"},"content":{"rendered":"\n<p><strong>FR Betavagas est un portail num\u00e9rique cr\u00e9\u00e9 pour ceux qui recherchent des informations de qualit\u00e9 sur la finance, les investissements, les curiosit\u00e9s et les actualit\u00e9s qui influencent la vie quotidienne et l\u2019avenir financier des personnes.<\/strong><\/p>\n\n\n\n<p><strong>Notre mission est de simplifier des sujets complexes, de transformer l\u2019information en connaissances pratiques et d\u2019aider nos lecteurs \u00e0 prendre des d\u00e9cisions plus \u00e9clair\u00e9es \u2014 que ce soit pour mieux g\u00e9rer leurs finances personnelles, comprendre le monde des investissements ou suivre les principales \u00e9volutions du march\u00e9 et de l\u2019\u00e9conomie.<\/strong><\/p>\n\n\n\n<p>Nous produisons des articles, des guides, des conseils et des contenus informatifs dans un langage clair, accessible et direct, en alliant toujours cr\u00e9dibilit\u00e9, utilit\u00e9 et mise \u00e0 jour constante. Nous croyons qu\u2019une information bien expliqu\u00e9e g\u00e9n\u00e8re autonomie, croissance et opportunit\u00e9s.<\/p>\n\n\n\n<p><strong>FR Betavagas est n\u00e9 avec l\u2019engagement de :<\/strong><\/p>\n\n\n\n<ul class=\"wp-block-list\">\n<li>Offrir des contenus fiables et pertinents<\/li>\n\n\n\n<li>Aider les personnes \u00e0 mieux comprendre l\u2019argent et le march\u00e9<\/li>\n\n\n\n<li>Promouvoir l\u2019\u00e9ducation financi\u00e8re<\/li>\n\n\n\n<li>Pr\u00e9senter des curiosit\u00e9s et des actualit\u00e9s qui \u00e9largissent la vision du monde<\/li>\n<\/ul>\n\n\n\n<p>Nous sommes passionn\u00e9s par la connaissance, la technologie et l\u2019information de qualit\u00e9. Nous travaillons chaque jour afin que <strong>IT Betavagas<\/strong> devienne une r\u00e9f\u00e9rence en mati\u00e8re de contenus informatifs, en vous aidant \u00e0 rester inform\u00e9, \u00e0 apprendre davantage et \u00e0 \u00e9voluer financi\u00e8rement.<\/p>\n\n\n\n<p><strong>FR Betavagas \u2014 une information qui connecte, oriente et transforme.<\/strong><\/p>\n","protected":false},"excerpt":{"rendered":"<p>FR Betavagas est un portail num\u00e9rique cr\u00e9\u00e9 pour ceux qui recherchent des informations de qualit\u00e9 sur la finance, les investissements, les curiosit\u00e9s et les actualit\u00e9s qui influencent la vie quotidienne et l\u2019avenir financier des personnes. Notre mission est de simplifier des sujets complexes, de transformer l\u2019information en connaissances pratiques et d\u2019aider nos lecteurs \u00e0 prendre [&hellip;]<\/p>\n","protected":false},"author":1,"featured_media":0,"parent":0,"menu_order":0,"comment_status":"closed","ping_status":"closed","template":"","meta":{"footnotes":""},"class_list":["post-2","page","type-page","status-publish","hentry"],"_links":{"self":[{"href":"https:\/\/fr.betavagas.com\/index.php?rest_route=\/wp\/v2\/pages\/2","targetHints":{"allow":["GET"]}}],"collection":[{"href":"https:\/\/fr.betavagas.com\/index.php?rest_route=\/wp\/v2\/pages"}],"about":[{"href":"https:\/\/fr.betavagas.com\/index.php?rest_route=\/wp\/v2\/types\/page"}],"author":[{"embeddable":true,"href":"https:\/\/fr.betavagas.com\/index.php?rest_route=\/wp\/v2\/users\/1"}],"replies":[{"embeddable":true,"href":"https:\/\/fr.betavagas.com\/index.php?rest_route=%2Fwp%2Fv2%2Fcomments&post=2"}],"version-history":[{"count":2,"href":"https:\/\/fr.betavagas.com\/index.php?rest_route=\/wp\/v2\/pages\/2\/revisions"}],"predecessor-version":[{"id":78,"href":"https:\/\/fr.betavagas.com\/index.php?rest_route=\/wp\/v2\/pages\/2\/revisions\/78"}],"wp:attachment":[{"href":"https:\/\/fr.betavagas.com\/index.php?rest_route=%2Fwp%2Fv2%2Fmedia&parent=2"}],"curies":[{"name":"wp","href":"https:\/\/api.w.org\/{rel}","templated":true}]}}