{"id":3,"date":"2026-01-08T04:19:09","date_gmt":"2026-01-08T07:19:09","guid":{"rendered":"https:\/\/it.betavagas.com\/?page_id=3"},"modified":"2026-02-05T14:42:46","modified_gmt":"2026-02-05T17:42:46","slug":"politique-de-confidentialite","status":"publish","type":"page","link":"https:\/\/fr.betavagas.com\/?page_id=3","title":{"rendered":"politique de confidentialit\u00e9"},"content":{"rendered":"\n<p><strong>Informativa sulla Privacy<\/strong><\/p>\n\n\n\n<p><strong>Votre vie priv\u00e9e est importante pour nous.<\/strong><br>Il est de la politique de <strong>It Beta Vagas<\/strong> de respecter votre vie priv\u00e9e concernant toute information personnelle que nous pourrions collecter sur le site <strong>It Beta Vagas<\/strong> (<a href=\"https:\/\/fr.betavagas.com\/\">https:\/\/fr.betavagas.com\/<\/a>), ainsi que sur d\u2019autres sites que nous poss\u00e9dons et exploitons.<\/p>\n\n\n\n<p>Nous ne demandons des informations personnelles que lorsque cela est r\u00e9ellement n\u00e9cessaire pour vous fournir un service. Nous le faisons de mani\u00e8re \u00e9quitable et l\u00e9gale, avec votre connaissance et votre consentement. Nous vous informons \u00e9galement de la raison pour laquelle nous les collectons et de la mani\u00e8re dont elles seront utilis\u00e9es.<\/p>\n\n\n\n<p>Nous conservons les informations collect\u00e9es uniquement pendant la dur\u00e9e n\u00e9cessaire \u00e0 la fourniture du service demand\u00e9. Lorsque nous stockons des donn\u00e9es, nous les prot\u00e9geons par des moyens commercialement acceptables afin de pr\u00e9venir la perte, le vol, ainsi que l\u2019acc\u00e8s, la divulgation, la copie, l\u2019utilisation ou la modification non autoris\u00e9s.<\/p>\n\n\n\n<p>Nous ne partageons aucune information d\u2019identification personnelle publiquement ou avec des tiers, sauf lorsque la loi l\u2019exige.<\/p>\n\n\n\n<p>Notre site peut contenir des liens vers des sites externes qui ne sont pas exploit\u00e9s par nous. Veuillez noter que nous n\u2019avons aucun contr\u00f4le sur le contenu et les pratiques de ces sites et que nous ne pouvons assumer aucune responsabilit\u00e9 quant \u00e0 leurs politiques de confidentialit\u00e9 respectives.<\/p>\n\n\n\n<p>Vous \u00eates libre de refuser notre demande d\u2019informations personnelles, \u00e9tant entendu que nous pourrions ne pas \u00eatre en mesure de vous fournir certains services souhait\u00e9s.<\/p>\n\n\n\n<p>L\u2019utilisation continue de notre site sera consid\u00e9r\u00e9e comme une acceptation de nos pratiques en mati\u00e8re de confidentialit\u00e9 et de traitement des informations personnelles. Si vous avez des questions concernant la mani\u00e8re dont nous traitons les donn\u00e9es des utilisateurs et les informations personnelles, veuillez nous contacter.<\/p>\n\n\n\n<p>Le service <strong>Google AdSense<\/strong> que nous utilisons pour afficher des publicit\u00e9s emploie un cookie <strong>DoubleClick<\/strong> afin de diffuser des annonces plus pertinentes sur le Web et de limiter le nombre de fois qu\u2019une annonce donn\u00e9e vous est pr\u00e9sent\u00e9e.<\/p>\n\n\n\n<p>Pour plus d\u2019informations sur Google AdSense, veuillez consulter les FAQ officielles relatives \u00e0 la confidentialit\u00e9 de Google AdSense.<\/p>\n\n\n\n<p>Nous utilisons la publicit\u00e9 pour compenser les co\u00fbts de fonctionnement de ce site et financer les d\u00e9veloppements futurs. Les cookies de publicit\u00e9 comportementale utilis\u00e9s par ce site sont con\u00e7us pour vous fournir les annonces les plus pertinentes possibles, en suivant de mani\u00e8re anonyme vos centres d\u2019int\u00e9r\u00eat et en vous pr\u00e9sentant des contenus similaires susceptibles de vous int\u00e9resser.<\/p>\n\n\n\n<p>Plusieurs partenaires publicitaires diffusent des annonces en notre nom, et les cookies de suivi des affili\u00e9s nous permettent simplement de v\u00e9rifier si nos clients ont acc\u00e9d\u00e9 au site par l\u2019interm\u00e9diaire de l\u2019un des sites de nos partenaires, afin de les cr\u00e9diter correctement et, le cas \u00e9ch\u00e9ant, de permettre \u00e0 nos partenaires affili\u00e9s de proposer des promotions susceptibles de vous avoir incit\u00e9 \u00e0 effectuer un achat.<\/p>\n\n\n\n<h3 class=\"wp-block-heading\">Engagement de l\u2019utilisateur<\/h3>\n\n\n\n<p>L\u2019utilisateur s\u2019engage \u00e0 faire un usage appropri\u00e9 des contenus et des informations propos\u00e9s par <strong>It Beta Vagas<\/strong> sur le site et, \u00e0 titre indicatif mais non limitatif :<\/p>\n\n\n\n<p>A) Ne pas se livrer \u00e0 des activit\u00e9s ill\u00e9gales ou contraires \u00e0 la bonne foi et \u00e0 l\u2019ordre public ;<\/p>\n\n\n\n<p>B) Ne pas diffuser de propagande ou de contenus \u00e0 caract\u00e8re raciste, x\u00e9nophobe, li\u00e9s aux jeux d\u2019argent, \u00e0 la pornographie ill\u00e9gale, \u00e0 l\u2019apologie du terrorisme ou contraires aux droits de l\u2019homme ;<\/p>\n\n\n\n<p>C) Ne pas causer de dommages aux syst\u00e8mes physiques (mat\u00e9riel) et logiques (logiciel) de <strong>It Beta Vagas<\/strong>, de ses fournisseurs ou de tiers, ni introduire ou diffuser des virus informatiques ou tout autre syst\u00e8me mat\u00e9riel ou logiciel susceptible de provoquer les dommages mentionn\u00e9s ci-dessus.<\/p>\n\n\n\n<h3 class=\"wp-block-heading\">Informations suppl\u00e9mentaires<\/h3>\n\n\n\n<p>Nous esp\u00e9rons que tout est clair et, comme mentionn\u00e9 pr\u00e9c\u00e9demment, s\u2019il y a quelque chose dont vous n\u2019\u00eates pas s\u00fbr quant \u00e0 sa n\u00e9cessit\u00e9, il est g\u00e9n\u00e9ralement plus s\u00fbr de laisser les cookies activ\u00e9s, notamment si vous interagissez avec l\u2019une des fonctionnalit\u00e9s utilis\u00e9es sur notre site.<\/p>\n\n\n\n<p><strong>Cette politique est en vigueur \u00e0 compter du 5 f\u00e9vrier 2026 \u00e0 17h13.<\/strong><\/p>\n","protected":false},"excerpt":{"rendered":"<p>Informativa sulla Privacy Votre vie priv\u00e9e est importante pour nous.Il est de la politique de It Beta Vagas de respecter votre vie priv\u00e9e concernant toute information personnelle que nous pourrions collecter sur le site It Beta Vagas (https:\/\/fr.betavagas.com\/), ainsi que sur d\u2019autres sites que nous poss\u00e9dons et exploitons. Nous ne demandons des informations personnelles que [&hellip;]<\/p>\n","protected":false},"author":1,"featured_media":0,"parent":0,"menu_order":0,"comment_status":"closed","ping_status":"closed","template":"","meta":{"footnotes":""},"class_list":["post-3","page","type-page","status-publish","hentry"],"_links":{"self":[{"href":"https:\/\/fr.betavagas.com\/index.php?rest_route=\/wp\/v2\/pages\/3","targetHints":{"allow":["GET"]}}],"collection":[{"href":"https:\/\/fr.betavagas.com\/index.php?rest_route=\/wp\/v2\/pages"}],"about":[{"href":"https:\/\/fr.betavagas.com\/index.php?rest_route=\/wp\/v2\/types\/page"}],"author":[{"embeddable":true,"href":"https:\/\/fr.betavagas.com\/index.php?rest_route=\/wp\/v2\/users\/1"}],"replies":[{"embeddable":true,"href":"https:\/\/fr.betavagas.com\/index.php?rest_route=%2Fwp%2Fv2%2Fcomments&post=3"}],"version-history":[{"count":3,"href":"https:\/\/fr.betavagas.com\/index.php?rest_route=\/wp\/v2\/pages\/3\/revisions"}],"predecessor-version":[{"id":80,"href":"https:\/\/fr.betavagas.com\/index.php?rest_route=\/wp\/v2\/pages\/3\/revisions\/80"}],"wp:attachment":[{"href":"https:\/\/fr.betavagas.com\/index.php?rest_route=%2Fwp%2Fv2%2Fmedia&parent=3"}],"curies":[{"name":"wp","href":"https:\/\/api.w.org\/{rel}","templated":true}]}}