{"id":73,"date":"2026-02-05T14:14:46","date_gmt":"2026-02-05T17:14:46","guid":{"rendered":"https:\/\/it.betavagas.com\/?page_id=73"},"modified":"2026-02-05T14:43:57","modified_gmt":"2026-02-05T17:43:57","slug":"conditions-dutilisation","status":"publish","type":"page","link":"https:\/\/fr.betavagas.com\/?page_id=73","title":{"rendered":"Conditions d&#8217;utilisation"},"content":{"rendered":"\n<p>1. Conditions<\/p>\n\n\n\n<p>En acc\u00e9dant au site <strong>It Beta Vagas<\/strong> (<a href=\"https:\/\/fr.betavagas.com\/\">https:\/\/fr.betavagas.com\/<\/a>), l\u2019utilisateur accepte de se conformer aux pr\u00e9sentes conditions de service, \u00e0 l\u2019ensemble des lois et r\u00e8glements applicables, et reconna\u00eet \u00eatre responsable du respect de toutes les lois locales en vigueur.<br>Si vous n\u2019acceptez pas l\u2019un de ces termes, il vous est interdit d\u2019utiliser ou d\u2019acc\u00e9der \u00e0 ce site. Les contenus pr\u00e9sents sur ce site sont prot\u00e9g\u00e9s par les lois applicables en mati\u00e8re de droit d\u2019auteur et de marques d\u00e9pos\u00e9es.<\/p>\n\n\n\n<h3 class=\"wp-block-heading\">2. Licence d\u2019utilisation<\/h3>\n\n\n\n<p>L\u2019autorisation est accord\u00e9e de t\u00e9l\u00e9charger temporairement une copie des documents (informations ou logiciels) figurant sur le site <strong>It Beta Vagas<\/strong>, uniquement pour un usage personnel, transitoire et non commercial. Il s\u2019agit d\u2019une licence et non d\u2019un transfert de propri\u00e9t\u00e9.<br>En vertu de cette licence, il est interdit de :<\/p>\n\n\n\n<ul class=\"wp-block-list\">\n<li>modifier ou copier les documents ;<\/li>\n\n\n\n<li>utiliser les documents \u00e0 des fins commerciales ou pour toute pr\u00e9sentation publique (commerciale ou non) ;<\/li>\n\n\n\n<li>tenter de d\u00e9compiler ou de proc\u00e9der \u00e0 l\u2019ing\u00e9nierie inverse de tout logiciel contenu sur le site <strong>It Beta Vagas<\/strong> ;<\/li>\n\n\n\n<li>supprimer toute mention de droit d\u2019auteur ou toute autre indication de propri\u00e9t\u00e9 figurant sur les documents ;<\/li>\n\n\n\n<li>transf\u00e9rer les documents \u00e0 des tiers ou \u00ab refl\u00e9ter \u00bb les documents sur tout autre serveur.<\/li>\n<\/ul>\n\n\n\n<p>Cette licence prendra automatiquement fin en cas de violation de l\u2019une de ces restrictions et pourra \u00eatre r\u00e9sili\u00e9e par <strong>It Beta Vagas<\/strong> \u00e0 tout moment. \u00c0 la fin de la consultation de ces documents ou \u00e0 l\u2019expiration de cette licence, l\u2019utilisateur doit supprimer tous les documents t\u00e9l\u00e9charg\u00e9s en sa possession, qu\u2019ils soient sous format \u00e9lectronique ou imprim\u00e9.<\/p>\n\n\n\n<h3 class=\"wp-block-heading\">3. Clause de non-responsabilit\u00e9<\/h3>\n\n\n\n<p>Les documents pr\u00e9sents sur le site <strong>It Beta Vagas<\/strong> sont fournis \u00ab tels quels \u00bb. <strong>It Beta Vagas<\/strong> ne donne aucune garantie, expresse ou implicite, et d\u00e9cline par la pr\u00e9sente toute autre garantie, y compris, sans s\u2019y limiter, les garanties implicites de qualit\u00e9 marchande, d\u2019ad\u00e9quation \u00e0 un usage particulier ou de non-violation des droits de propri\u00e9t\u00e9 intellectuelle ou de tout autre droit.<\/p>\n\n\n\n<p>En outre, <strong>It Beta Vagas<\/strong> ne garantit ni ne fait aucune d\u00e9claration concernant l\u2019exactitude, les r\u00e9sultats probables ou la fiabilit\u00e9 de l\u2019utilisation des documents figurant sur son site ou en relation avec ces documents ou avec des sites li\u00e9s \u00e0 ce site.<\/p>\n\n\n\n<h3 class=\"wp-block-heading\">4. Limitations de responsabilit\u00e9<\/h3>\n\n\n\n<p>En aucun cas <strong>It Beta Vagas<\/strong> ou ses fournisseurs ne pourront \u00eatre tenus responsables de tout dommage (y compris, sans limitation, les dommages r\u00e9sultant de la perte de donn\u00e9es ou de b\u00e9n\u00e9fices, ou d\u2019une interruption d\u2019activit\u00e9) d\u00e9coulant de l\u2019utilisation ou de l\u2019impossibilit\u00e9 d\u2019utiliser les documents de <strong>It Beta Vagas<\/strong>, m\u00eame si <strong>It Beta Vagas<\/strong> ou un repr\u00e9sentant autoris\u00e9 a \u00e9t\u00e9 inform\u00e9, oralement ou par \u00e9crit, de la possibilit\u00e9 de tels dommages.<br>Certaines juridictions n\u2019autorisant pas les limitations de garanties implicites ou les limitations de responsabilit\u00e9 pour les dommages indirects ou accessoires, ces limitations peuvent ne pas s\u2019appliquer \u00e0 votre cas.<\/p>\n\n\n\n<h3 class=\"wp-block-heading\">5. Exactitude des documents<\/h3>\n\n\n\n<p>Les documents affich\u00e9s sur le site <strong>It Beta Vagas<\/strong> peuvent contenir des erreurs techniques, typographiques ou photographiques. <strong>It Beta Vagas<\/strong> ne garantit pas que les documents figurant sur son site soient exacts, complets ou \u00e0 jour.<br><strong>It Beta Vagas<\/strong> peut apporter des modifications aux documents contenus sur son site \u00e0 tout moment et sans pr\u00e9avis. Toutefois, <strong>It Beta Vagas<\/strong> ne s\u2019engage pas \u00e0 mettre \u00e0 jour ces documents.<\/p>\n\n\n\n<h3 class=\"wp-block-heading\">6. Liens<\/h3>\n\n\n\n<p><strong>It Beta Vagas<\/strong> n\u2019a pas examin\u00e9 l\u2019ensemble des sites li\u00e9s \u00e0 son site et n\u2019est pas responsable du contenu de ces sites externes. L\u2019inclusion de tout lien n\u2019implique aucune approbation du site concern\u00e9 par <strong>It Beta Vagas<\/strong>. L\u2019utilisation de tout site li\u00e9 se fait aux risques et p\u00e9rils de l\u2019utilisateur.<\/p>\n\n\n\n<h3 class=\"wp-block-heading\">Modifications<\/h3>\n\n\n\n<p><strong>It Beta Vagas<\/strong> peut r\u00e9viser les pr\u00e9sentes conditions d\u2019utilisation \u00e0 tout moment, sans pr\u00e9avis. En utilisant ce site, l\u2019utilisateur accepte d\u2019\u00eatre li\u00e9 par la version la plus r\u00e9cente de ces conditions de service.<\/p>\n\n\n\n<h3 class=\"wp-block-heading\">Droit applicable<\/h3>\n\n\n\n<p>Les pr\u00e9sentes conditions g\u00e9n\u00e9rales sont r\u00e9gies et interpr\u00e9t\u00e9es conform\u00e9ment aux lois applicables \u00e0 <strong>It Beta Vagas<\/strong>, et l\u2019utilisateur se soumet irr\u00e9vocablement \u00e0 la comp\u00e9tence exclusive des tribunaux de l\u2019\u00c9tat ou de la juridiction concern\u00e9e..<\/p>\n","protected":false},"excerpt":{"rendered":"<p>1. Conditions En acc\u00e9dant au site It Beta Vagas (https:\/\/fr.betavagas.com\/), l\u2019utilisateur accepte de se conformer aux pr\u00e9sentes conditions de service, \u00e0 l\u2019ensemble des lois et r\u00e8glements applicables, et reconna\u00eet \u00eatre responsable du respect de toutes les lois locales en vigueur.Si vous n\u2019acceptez pas l\u2019un de ces termes, il vous est interdit d\u2019utiliser ou d\u2019acc\u00e9der \u00e0 [&hellip;]<\/p>\n","protected":false},"author":1,"featured_media":0,"parent":0,"menu_order":0,"comment_status":"closed","ping_status":"closed","template":"","meta":{"footnotes":""},"class_list":["post-73","page","type-page","status-publish","hentry"],"_links":{"self":[{"href":"https:\/\/fr.betavagas.com\/index.php?rest_route=\/wp\/v2\/pages\/73","targetHints":{"allow":["GET"]}}],"collection":[{"href":"https:\/\/fr.betavagas.com\/index.php?rest_route=\/wp\/v2\/pages"}],"about":[{"href":"https:\/\/fr.betavagas.com\/index.php?rest_route=\/wp\/v2\/types\/page"}],"author":[{"embeddable":true,"href":"https:\/\/fr.betavagas.com\/index.php?rest_route=\/wp\/v2\/users\/1"}],"replies":[{"embeddable":true,"href":"https:\/\/fr.betavagas.com\/index.php?rest_route=%2Fwp%2Fv2%2Fcomments&post=73"}],"version-history":[{"count":3,"href":"https:\/\/fr.betavagas.com\/index.php?rest_route=\/wp\/v2\/pages\/73\/revisions"}],"predecessor-version":[{"id":82,"href":"https:\/\/fr.betavagas.com\/index.php?rest_route=\/wp\/v2\/pages\/73\/revisions\/82"}],"wp:attachment":[{"href":"https:\/\/fr.betavagas.com\/index.php?rest_route=%2Fwp%2Fv2%2Fmedia&parent=73"}],"curies":[{"name":"wp","href":"https:\/\/api.w.org\/{rel}","templated":true}]}}